{"id":251,"date":"2024-05-29T15:25:49","date_gmt":"2024-05-29T13:25:49","guid":{"rendered":"http:\/\/84.97.186.16:52201\/wordpress\/?page_id=251"},"modified":"2024-05-29T16:01:39","modified_gmt":"2024-05-29T14:01:39","slug":"politique-de-confidentialite-2","status":"publish","type":"page","link":"https:\/\/kenan.alexandre-lb.fr\/index.php\/politique-de-confidentialite-2\/","title":{"rendered":"Politique de confidentialit\u00e9"},"content":{"rendered":"\n<p>Depuis mai 2018, le RGPD oblige les sites web \u00e0 afficher certaines informations \u00e0 destination de leurs utilisateurs, que la page \u00ab\u00a0politique de confidentialit\u00e9\u00a0\u00bb permet de regrouper. Cette d\u00e9claration explique comment l\u2019entreprise recueille, stocke, diffuse et prot\u00e8ge les donn\u00e9es personnelles de ses utilisateurs. Elle prot\u00e8ge aussi le responsable du traitement de ces informations en cas de contr\u00f4le de la Commission nationale de l\u2019informatique et des libert\u00e9s (CNIL) ou d\u2019une plainte \u00e9ventuelle d\u2019un utilisateur.<\/p>\n\n\n\n<figure class=\"wp-block-embed is-type-wp-embed is-provider-fran-ais wp-block-embed-fran-ais\"><div class=\"wp-block-embed__wrapper\">\n<blockquote class=\"wp-embedded-content\" data-secret=\"hUVp5eCyGR\"><a href=\"https:\/\/fr.wordpress.org\/about\/privacy\/\">Privacy<\/a><\/blockquote><iframe class=\"wp-embedded-content\" sandbox=\"allow-scripts\" security=\"restricted\" style=\"position: absolute; clip: rect(1px, 1px, 1px, 1px);\" title=\"\u00ab\u00a0Privacy\u00a0\u00bb &#8212; Fran\u00e7ais\" src=\"https:\/\/fr.wordpress.org\/about\/privacy\/embed\/#?secret=XIRcT7nv3P#?secret=hUVp5eCyGR\" data-secret=\"hUVp5eCyGR\" width=\"600\" height=\"338\" frameborder=\"0\" marginwidth=\"0\" marginheight=\"0\" scrolling=\"no\"><\/iframe>\n<\/div><\/figure>\n","protected":false},"excerpt":{"rendered":"<p>Depuis mai 2018, le RGPD oblige les sites web \u00e0 afficher certaines informations \u00e0 destination de leurs utilisateurs, que la page \u00ab\u00a0politique de confidentialit\u00e9\u00a0\u00bb permet de regrouper. Cette d\u00e9claration explique comment l\u2019entreprise recueille, stocke, diffuse et prot\u00e8ge les donn\u00e9es personnelles de ses utilisateurs. Elle prot\u00e8ge aussi le responsable du traitement de ces informations en cas &hellip; <\/p>\n<p class=\"link-more\"><a href=\"https:\/\/kenan.alexandre-lb.fr\/index.php\/politique-de-confidentialite-2\/\" class=\"more-link\">Lire la suite de<span class=\"screen-reader-text\">\u00ab\u00a0Politique de confidentialit\u00e9\u00a0\u00bb<\/span><\/a><\/p>\n","protected":false},"author":1,"featured_media":0,"parent":0,"menu_order":0,"comment_status":"closed","ping_status":"closed","template":"","meta":{"footnotes":""},"class_list":["post-251","page","type-page","status-publish","hentry"],"yoast_head":"<!-- This site is optimized with the Yoast SEO plugin v27.3 - https:\/\/yoast.com\/product\/yoast-seo-wordpress\/ -->\n<title>Politique de confidentialit\u00e9 - Portfolio Kenan<\/title>\n<meta name=\"robots\" content=\"noindex, follow, max-snippet:-1, max-image-preview:large, max-video-preview:-1\" \/>\n<meta property=\"og:locale\" content=\"fr_FR\" \/>\n<meta property=\"og:type\" content=\"article\" \/>\n<meta property=\"og:title\" content=\"Politique de confidentialit\u00e9 - Portfolio Kenan\" \/>\n<meta property=\"og:description\" content=\"Depuis mai 2018, le RGPD oblige les sites web \u00e0 afficher certaines informations \u00e0 destination de leurs utilisateurs, que la page \u00ab\u00a0politique de confidentialit\u00e9\u00a0\u00bb permet de regrouper. Cette d\u00e9claration explique comment l\u2019entreprise recueille, stocke, diffuse et prot\u00e8ge les donn\u00e9es personnelles de ses utilisateurs. Elle prot\u00e8ge aussi le responsable du traitement de ces informations en cas &hellip; Lire la suite de\u00ab\u00a0Politique de confidentialit\u00e9\u00a0\u00bb\" \/>\n<meta property=\"og:url\" content=\"https:\/\/kenan.alexandre-lb.fr\/index.php\/politique-de-confidentialite-2\/\" \/>\n<meta property=\"og:site_name\" content=\"Portfolio Kenan\" \/>\n<meta property=\"article:modified_time\" content=\"2024-05-29T14:01:39+00:00\" \/>\n<meta name=\"twitter:card\" content=\"summary_large_image\" \/>\n<meta name=\"twitter:label1\" content=\"Dur\u00e9e de lecture estim\u00e9e\" \/>\n\t<meta name=\"twitter:data1\" content=\"1 minute\" \/>\n<script type=\"application\/ld+json\" class=\"yoast-schema-graph\">{\"@context\":\"https:\\\/\\\/schema.org\",\"@graph\":[{\"@type\":\"WebPage\",\"@id\":\"https:\\\/\\\/kenan.alexandre-lb.fr\\\/index.php\\\/politique-de-confidentialite-2\\\/\",\"url\":\"https:\\\/\\\/kenan.alexandre-lb.fr\\\/index.php\\\/politique-de-confidentialite-2\\\/\",\"name\":\"Politique de confidentialit\u00e9 - Portfolio Kenan\",\"isPartOf\":{\"@id\":\"https:\\\/\\\/kenan.alexandre-lb.fr\\\/#website\"},\"datePublished\":\"2024-05-29T13:25:49+00:00\",\"dateModified\":\"2024-05-29T14:01:39+00:00\",\"breadcrumb\":{\"@id\":\"https:\\\/\\\/kenan.alexandre-lb.fr\\\/index.php\\\/politique-de-confidentialite-2\\\/#breadcrumb\"},\"inLanguage\":\"fr-FR\",\"potentialAction\":[{\"@type\":\"ReadAction\",\"target\":[\"https:\\\/\\\/kenan.alexandre-lb.fr\\\/index.php\\\/politique-de-confidentialite-2\\\/\"]}]},{\"@type\":\"BreadcrumbList\",\"@id\":\"https:\\\/\\\/kenan.alexandre-lb.fr\\\/index.php\\\/politique-de-confidentialite-2\\\/#breadcrumb\",\"itemListElement\":[{\"@type\":\"ListItem\",\"position\":1,\"name\":\"Accueil\",\"item\":\"https:\\\/\\\/kenan.alexandre-lb.fr\\\/\"},{\"@type\":\"ListItem\",\"position\":2,\"name\":\"Politique de confidentialit\u00e9\"}]},{\"@type\":\"WebSite\",\"@id\":\"https:\\\/\\\/kenan.alexandre-lb.fr\\\/#website\",\"url\":\"https:\\\/\\\/kenan.alexandre-lb.fr\\\/\",\"name\":\"Portfolio Kenan\",\"description\":\"\",\"potentialAction\":[{\"@type\":\"SearchAction\",\"target\":{\"@type\":\"EntryPoint\",\"urlTemplate\":\"https:\\\/\\\/kenan.alexandre-lb.fr\\\/?s={search_term_string}\"},\"query-input\":{\"@type\":\"PropertyValueSpecification\",\"valueRequired\":true,\"valueName\":\"search_term_string\"}}],\"inLanguage\":\"fr-FR\"}]}<\/script>\n<!-- \/ Yoast SEO plugin. -->","yoast_head_json":{"title":"Politique de confidentialit\u00e9 - Portfolio Kenan","robots":{"index":"noindex","follow":"follow","max-snippet":"max-snippet:-1","max-image-preview":"max-image-preview:large","max-video-preview":"max-video-preview:-1"},"og_locale":"fr_FR","og_type":"article","og_title":"Politique de confidentialit\u00e9 - Portfolio Kenan","og_description":"Depuis mai 2018, le RGPD oblige les sites web \u00e0 afficher certaines informations \u00e0 destination de leurs utilisateurs, que la page \u00ab\u00a0politique de confidentialit\u00e9\u00a0\u00bb permet de regrouper. Cette d\u00e9claration explique comment l\u2019entreprise recueille, stocke, diffuse et prot\u00e8ge les donn\u00e9es personnelles de ses utilisateurs. Elle prot\u00e8ge aussi le responsable du traitement de ces informations en cas &hellip; Lire la suite de\u00ab\u00a0Politique de confidentialit\u00e9\u00a0\u00bb","og_url":"https:\/\/kenan.alexandre-lb.fr\/index.php\/politique-de-confidentialite-2\/","og_site_name":"Portfolio Kenan","article_modified_time":"2024-05-29T14:01:39+00:00","twitter_card":"summary_large_image","twitter_misc":{"Dur\u00e9e de lecture estim\u00e9e":"1 minute"},"schema":{"@context":"https:\/\/schema.org","@graph":[{"@type":"WebPage","@id":"https:\/\/kenan.alexandre-lb.fr\/index.php\/politique-de-confidentialite-2\/","url":"https:\/\/kenan.alexandre-lb.fr\/index.php\/politique-de-confidentialite-2\/","name":"Politique de confidentialit\u00e9 - Portfolio Kenan","isPartOf":{"@id":"https:\/\/kenan.alexandre-lb.fr\/#website"},"datePublished":"2024-05-29T13:25:49+00:00","dateModified":"2024-05-29T14:01:39+00:00","breadcrumb":{"@id":"https:\/\/kenan.alexandre-lb.fr\/index.php\/politique-de-confidentialite-2\/#breadcrumb"},"inLanguage":"fr-FR","potentialAction":[{"@type":"ReadAction","target":["https:\/\/kenan.alexandre-lb.fr\/index.php\/politique-de-confidentialite-2\/"]}]},{"@type":"BreadcrumbList","@id":"https:\/\/kenan.alexandre-lb.fr\/index.php\/politique-de-confidentialite-2\/#breadcrumb","itemListElement":[{"@type":"ListItem","position":1,"name":"Accueil","item":"https:\/\/kenan.alexandre-lb.fr\/"},{"@type":"ListItem","position":2,"name":"Politique de confidentialit\u00e9"}]},{"@type":"WebSite","@id":"https:\/\/kenan.alexandre-lb.fr\/#website","url":"https:\/\/kenan.alexandre-lb.fr\/","name":"Portfolio Kenan","description":"","potentialAction":[{"@type":"SearchAction","target":{"@type":"EntryPoint","urlTemplate":"https:\/\/kenan.alexandre-lb.fr\/?s={search_term_string}"},"query-input":{"@type":"PropertyValueSpecification","valueRequired":true,"valueName":"search_term_string"}}],"inLanguage":"fr-FR"}]}},"featured_media_urls":[],"_links":{"self":[{"href":"https:\/\/kenan.alexandre-lb.fr\/index.php\/wp-json\/wp\/v2\/pages\/251","targetHints":{"allow":["GET"]}}],"collection":[{"href":"https:\/\/kenan.alexandre-lb.fr\/index.php\/wp-json\/wp\/v2\/pages"}],"about":[{"href":"https:\/\/kenan.alexandre-lb.fr\/index.php\/wp-json\/wp\/v2\/types\/page"}],"author":[{"embeddable":true,"href":"https:\/\/kenan.alexandre-lb.fr\/index.php\/wp-json\/wp\/v2\/users\/1"}],"replies":[{"embeddable":true,"href":"https:\/\/kenan.alexandre-lb.fr\/index.php\/wp-json\/wp\/v2\/comments?post=251"}],"version-history":[{"count":4,"href":"https:\/\/kenan.alexandre-lb.fr\/index.php\/wp-json\/wp\/v2\/pages\/251\/revisions"}],"predecessor-version":[{"id":259,"href":"https:\/\/kenan.alexandre-lb.fr\/index.php\/wp-json\/wp\/v2\/pages\/251\/revisions\/259"}],"wp:attachment":[{"href":"https:\/\/kenan.alexandre-lb.fr\/index.php\/wp-json\/wp\/v2\/media?parent=251"}],"curies":[{"name":"wp","href":"https:\/\/api.w.org\/{rel}","templated":true}]}}