{"id":279,"date":"2024-05-29T16:20:28","date_gmt":"2024-05-29T14:20:28","guid":{"rendered":"http:\/\/84.97.186.16:52201\/wordpress\/?page_id=279"},"modified":"2024-06-03T15:22:43","modified_gmt":"2024-06-03T13:22:43","slug":"epreuve-e4","status":"publish","type":"page","link":"https:\/\/kenan.alexandre-lb.fr\/index.php\/epreuve-e4\/","title":{"rendered":"\u00c9preuve E4"},"content":{"rendered":"\n<p>SUPPORT ET MISE \u00c0 DISPOSITION DE SERVICES INFORMATIQUES<\/p>\n\n\n\n<h3 class=\"wp-block-heading\"><strong>\u2013&nbsp;OBJECTIF<\/strong>&nbsp;:<\/h3>\n\n\n\n<p>Cette \u00e9preuve vise \u00e0 \u00e9valuer chez la personne candidate l\u2019acquisition des comp\u00e9tences d\u00e9crites dans le bloc de comp\u00e9tences \u00ab Support et mise \u00e0 disposition de services informatiques \u00bb, \u00e0 savoir :<\/p>\n\n\n\n<ul class=\"wp-block-list\">\n<li>G\u00e9rer le patrimoine informatique<\/li>\n\n\n\n<li>R\u00e9pondre aux incidents et demandes d\u2019assistance et d\u2019\u00e9volution<\/li>\n\n\n\n<li>D\u00e9velopper la pr\u00e9sence en ligne de l\u2019organisation<\/li>\n\n\n\n<li>Travailler en mode projet<\/li>\n\n\n\n<li>Mettre \u00e0 disposition des utilisateurs un service informatique<\/li>\n\n\n\n<li>Organiser son d\u00e9veloppement professionnel<\/li>\n<\/ul>\n\n\n\n<h3 class=\"wp-block-heading\"><strong>\u2013&nbsp;MODALIT\u00c9S<\/strong>&nbsp;<strong>D\u2019\u00c9VALUATION<\/strong>&nbsp;:<\/h3>\n\n\n\n<p><strong>Forme ponctuelle orale (dur\u00e9e 40 minutes)&nbsp;:<\/strong><\/p>\n\n\n\n<p>L\u2019\u00e9preuve comporte deux phases cons\u00e9cutives.<br>Pendant 10 minutes (maximum) la personne candidate pr\u00e9sente son parcours de<br>professionnalisation et justifie les modalit\u00e9s d\u2019acquisition des comp\u00e9tences du bloc \u00ab Support et mise \u00e0 disposition de services informatiques \u00bb.<br>S\u2019en suit 30 minutes d\u2019\u00e9change avec le jury qui permettent, d\u2019une part, d\u2019expliciter et d\u2019appr\u00e9cier le parcours de professionnalisation et, d\u2019autre part, d\u2019approfondir une ou plusieurs r\u00e9alisations d\u00e9crites dans le dossier num\u00e9rique.<br>L\u2019entretien permet d\u2019appr\u00e9cier la capacit\u00e9 de la personne candidate \u00e0 mobiliser les comp\u00e9tences vis\u00e9es, sa capacit\u00e9 \u00e0 rendre compte d\u2019un travail r\u00e9alis\u00e9 au sein d\u2019une \u00e9quipe projet en mettant clairement en \u00e9vidence sa contribution personnelle.<\/p>\n\n\n\n<p><strong>Contr\u00f4le en cours de formation&nbsp;:<\/strong><\/p>\n\n\n\n<p>L\u2019\u00e9preuve est organis\u00e9e de la m\u00eame fa\u00e7on que dans la forme ponctuelle.<br>\u00c0 l\u2019issue des \u00e9valuations, l\u2019\u00e9quipe p\u00e9dagogique de l\u2019\u00e9tablissement de formation adresse au jury, pour chaque personne candidate, la proposition de note sur 20 points accompagn\u00e9e de la grille d\u2019aide \u00e0 l\u2019\u00e9valuation renseign\u00e9e (dont le mod\u00e8le est fourni par la circulaire d\u2019organisation de l\u2019examen).<br>Conform\u00e9ment \u00e0 la r\u00e9glementation, le jury peut demander \u00e0 avoir communication des dossiers d\u2019\u00e9valuation des candidats. Ces documents sont tenus \u00e0 la disposition du jury et de l\u2019autorit\u00e9 rectorale pour la session consid\u00e9r\u00e9e jusqu\u2019\u00e0 la session suivante.<\/p>\n\n\n\n<div class=\"wp-block-buttons is-layout-flex wp-block-buttons-is-layout-flex\">\n<div class=\"wp-block-button\"><a class=\"wp-block-button__link wp-element-button\" href=\"http:\/\/84.97.186.16:52201\/wordpress\/wp-content\/uploads\/2024\/05\/8-BTS-SIO-Annexe-8-1-Tableau-de-synthe\u0300se-Epreuve-E4-BTS-SIO-2024.pdf\">Tableau de synth\u00e8se E4<\/a><\/div>\n<\/div>\n\n\n\n<h2 class=\"wp-block-heading\">Acronymes : <\/h2>\n\n\n\n<ul class=\"wp-block-list\">\n<li>VTP : VLAN Trunking Protocol                     <\/li>\n\n\n\n<li>OCS : Open Computer and Software Inventory                            <\/li>\n\n\n\n<li>DNS : Domain Name System<\/li>\n\n\n\n<li>SSH : Secure Shell                                        <\/li>\n\n\n\n<li>GLPI : gestionnaire libre de parc informatique                              <\/li>\n\n\n\n<li>GPO : Group Policy Object<\/li>\n\n\n\n<li>VPN : Virtual Private Network                     <\/li>\n\n\n\n<li>AD : Active Directory                                                                      <\/li>\n\n\n\n<li>VBA : Visual Basic for Applications<\/li>\n\n\n\n<li>ACL : Access Control List                             <\/li>\n\n\n\n<li>DHCP : Dynamic Host Configuration Protocol                               <\/li>\n\n\n\n<li>VLAN : Virtual Local Area Network <\/li>\n<\/ul>\n","protected":false},"excerpt":{"rendered":"<p>SUPPORT ET MISE \u00c0 DISPOSITION DE SERVICES INFORMATIQUES \u2013&nbsp;OBJECTIF&nbsp;: Cette \u00e9preuve vise \u00e0 \u00e9valuer chez la personne candidate l\u2019acquisition des comp\u00e9tences d\u00e9crites dans le bloc de comp\u00e9tences \u00ab Support et mise \u00e0 disposition de services informatiques \u00bb, \u00e0 savoir : \u2013&nbsp;MODALIT\u00c9S&nbsp;D\u2019\u00c9VALUATION&nbsp;: Forme ponctuelle orale (dur\u00e9e 40 minutes)&nbsp;: L\u2019\u00e9preuve comporte deux phases cons\u00e9cutives.Pendant 10 minutes (maximum) &hellip; <\/p>\n<p class=\"link-more\"><a href=\"https:\/\/kenan.alexandre-lb.fr\/index.php\/epreuve-e4\/\" class=\"more-link\">Lire la suite de<span class=\"screen-reader-text\">\u00ab\u00a0\u00c9preuve E4\u00a0\u00bb<\/span><\/a><\/p>\n","protected":false},"author":1,"featured_media":0,"parent":0,"menu_order":0,"comment_status":"closed","ping_status":"closed","template":"","meta":{"footnotes":""},"class_list":["post-279","page","type-page","status-publish","hentry"],"yoast_head":"<!-- This site is optimized with the Yoast SEO plugin v27.3 - https:\/\/yoast.com\/product\/yoast-seo-wordpress\/ -->\n<title>\u00c9preuve E4 - Portfolio Kenan<\/title>\n<meta name=\"robots\" content=\"noindex, follow, max-snippet:-1, max-image-preview:large, max-video-preview:-1\" \/>\n<meta property=\"og:locale\" content=\"fr_FR\" \/>\n<meta property=\"og:type\" content=\"article\" \/>\n<meta property=\"og:title\" content=\"\u00c9preuve E4 - Portfolio Kenan\" \/>\n<meta property=\"og:description\" content=\"SUPPORT ET MISE \u00c0 DISPOSITION DE SERVICES INFORMATIQUES \u2013&nbsp;OBJECTIF&nbsp;: Cette \u00e9preuve vise \u00e0 \u00e9valuer chez la personne candidate l\u2019acquisition des comp\u00e9tences d\u00e9crites dans le bloc de comp\u00e9tences \u00ab Support et mise \u00e0 disposition de services informatiques \u00bb, \u00e0 savoir : \u2013&nbsp;MODALIT\u00c9S&nbsp;D\u2019\u00c9VALUATION&nbsp;: Forme ponctuelle orale (dur\u00e9e 40 minutes)&nbsp;: L\u2019\u00e9preuve comporte deux phases cons\u00e9cutives.Pendant 10 minutes (maximum) &hellip; Lire la suite de\u00ab\u00a0\u00c9preuve E4\u00a0\u00bb\" \/>\n<meta property=\"og:url\" content=\"https:\/\/kenan.alexandre-lb.fr\/index.php\/epreuve-e4\/\" \/>\n<meta property=\"og:site_name\" content=\"Portfolio Kenan\" \/>\n<meta property=\"article:modified_time\" content=\"2024-06-03T13:22:43+00:00\" \/>\n<meta name=\"twitter:card\" content=\"summary_large_image\" \/>\n<meta name=\"twitter:label1\" content=\"Dur\u00e9e de lecture estim\u00e9e\" \/>\n\t<meta name=\"twitter:data1\" content=\"2 minutes\" \/>\n<script type=\"application\/ld+json\" class=\"yoast-schema-graph\">{\"@context\":\"https:\\\/\\\/schema.org\",\"@graph\":[{\"@type\":\"WebPage\",\"@id\":\"https:\\\/\\\/kenan.alexandre-lb.fr\\\/index.php\\\/epreuve-e4\\\/\",\"url\":\"https:\\\/\\\/kenan.alexandre-lb.fr\\\/index.php\\\/epreuve-e4\\\/\",\"name\":\"\u00c9preuve E4 - Portfolio Kenan\",\"isPartOf\":{\"@id\":\"https:\\\/\\\/kenan.alexandre-lb.fr\\\/#website\"},\"datePublished\":\"2024-05-29T14:20:28+00:00\",\"dateModified\":\"2024-06-03T13:22:43+00:00\",\"breadcrumb\":{\"@id\":\"https:\\\/\\\/kenan.alexandre-lb.fr\\\/index.php\\\/epreuve-e4\\\/#breadcrumb\"},\"inLanguage\":\"fr-FR\",\"potentialAction\":[{\"@type\":\"ReadAction\",\"target\":[\"https:\\\/\\\/kenan.alexandre-lb.fr\\\/index.php\\\/epreuve-e4\\\/\"]}]},{\"@type\":\"BreadcrumbList\",\"@id\":\"https:\\\/\\\/kenan.alexandre-lb.fr\\\/index.php\\\/epreuve-e4\\\/#breadcrumb\",\"itemListElement\":[{\"@type\":\"ListItem\",\"position\":1,\"name\":\"Accueil\",\"item\":\"https:\\\/\\\/kenan.alexandre-lb.fr\\\/\"},{\"@type\":\"ListItem\",\"position\":2,\"name\":\"\u00c9preuve E4\"}]},{\"@type\":\"WebSite\",\"@id\":\"https:\\\/\\\/kenan.alexandre-lb.fr\\\/#website\",\"url\":\"https:\\\/\\\/kenan.alexandre-lb.fr\\\/\",\"name\":\"Portfolio Kenan\",\"description\":\"\",\"potentialAction\":[{\"@type\":\"SearchAction\",\"target\":{\"@type\":\"EntryPoint\",\"urlTemplate\":\"https:\\\/\\\/kenan.alexandre-lb.fr\\\/?s={search_term_string}\"},\"query-input\":{\"@type\":\"PropertyValueSpecification\",\"valueRequired\":true,\"valueName\":\"search_term_string\"}}],\"inLanguage\":\"fr-FR\"}]}<\/script>\n<!-- \/ Yoast SEO plugin. -->","yoast_head_json":{"title":"\u00c9preuve E4 - Portfolio Kenan","robots":{"index":"noindex","follow":"follow","max-snippet":"max-snippet:-1","max-image-preview":"max-image-preview:large","max-video-preview":"max-video-preview:-1"},"og_locale":"fr_FR","og_type":"article","og_title":"\u00c9preuve E4 - Portfolio Kenan","og_description":"SUPPORT ET MISE \u00c0 DISPOSITION DE SERVICES INFORMATIQUES \u2013&nbsp;OBJECTIF&nbsp;: Cette \u00e9preuve vise \u00e0 \u00e9valuer chez la personne candidate l\u2019acquisition des comp\u00e9tences d\u00e9crites dans le bloc de comp\u00e9tences \u00ab Support et mise \u00e0 disposition de services informatiques \u00bb, \u00e0 savoir : \u2013&nbsp;MODALIT\u00c9S&nbsp;D\u2019\u00c9VALUATION&nbsp;: Forme ponctuelle orale (dur\u00e9e 40 minutes)&nbsp;: L\u2019\u00e9preuve comporte deux phases cons\u00e9cutives.Pendant 10 minutes (maximum) &hellip; Lire la suite de\u00ab\u00a0\u00c9preuve E4\u00a0\u00bb","og_url":"https:\/\/kenan.alexandre-lb.fr\/index.php\/epreuve-e4\/","og_site_name":"Portfolio Kenan","article_modified_time":"2024-06-03T13:22:43+00:00","twitter_card":"summary_large_image","twitter_misc":{"Dur\u00e9e de lecture estim\u00e9e":"2 minutes"},"schema":{"@context":"https:\/\/schema.org","@graph":[{"@type":"WebPage","@id":"https:\/\/kenan.alexandre-lb.fr\/index.php\/epreuve-e4\/","url":"https:\/\/kenan.alexandre-lb.fr\/index.php\/epreuve-e4\/","name":"\u00c9preuve E4 - Portfolio Kenan","isPartOf":{"@id":"https:\/\/kenan.alexandre-lb.fr\/#website"},"datePublished":"2024-05-29T14:20:28+00:00","dateModified":"2024-06-03T13:22:43+00:00","breadcrumb":{"@id":"https:\/\/kenan.alexandre-lb.fr\/index.php\/epreuve-e4\/#breadcrumb"},"inLanguage":"fr-FR","potentialAction":[{"@type":"ReadAction","target":["https:\/\/kenan.alexandre-lb.fr\/index.php\/epreuve-e4\/"]}]},{"@type":"BreadcrumbList","@id":"https:\/\/kenan.alexandre-lb.fr\/index.php\/epreuve-e4\/#breadcrumb","itemListElement":[{"@type":"ListItem","position":1,"name":"Accueil","item":"https:\/\/kenan.alexandre-lb.fr\/"},{"@type":"ListItem","position":2,"name":"\u00c9preuve E4"}]},{"@type":"WebSite","@id":"https:\/\/kenan.alexandre-lb.fr\/#website","url":"https:\/\/kenan.alexandre-lb.fr\/","name":"Portfolio Kenan","description":"","potentialAction":[{"@type":"SearchAction","target":{"@type":"EntryPoint","urlTemplate":"https:\/\/kenan.alexandre-lb.fr\/?s={search_term_string}"},"query-input":{"@type":"PropertyValueSpecification","valueRequired":true,"valueName":"search_term_string"}}],"inLanguage":"fr-FR"}]}},"featured_media_urls":[],"_links":{"self":[{"href":"https:\/\/kenan.alexandre-lb.fr\/index.php\/wp-json\/wp\/v2\/pages\/279","targetHints":{"allow":["GET"]}}],"collection":[{"href":"https:\/\/kenan.alexandre-lb.fr\/index.php\/wp-json\/wp\/v2\/pages"}],"about":[{"href":"https:\/\/kenan.alexandre-lb.fr\/index.php\/wp-json\/wp\/v2\/types\/page"}],"author":[{"embeddable":true,"href":"https:\/\/kenan.alexandre-lb.fr\/index.php\/wp-json\/wp\/v2\/users\/1"}],"replies":[{"embeddable":true,"href":"https:\/\/kenan.alexandre-lb.fr\/index.php\/wp-json\/wp\/v2\/comments?post=279"}],"version-history":[{"count":11,"href":"https:\/\/kenan.alexandre-lb.fr\/index.php\/wp-json\/wp\/v2\/pages\/279\/revisions"}],"predecessor-version":[{"id":367,"href":"https:\/\/kenan.alexandre-lb.fr\/index.php\/wp-json\/wp\/v2\/pages\/279\/revisions\/367"}],"wp:attachment":[{"href":"https:\/\/kenan.alexandre-lb.fr\/index.php\/wp-json\/wp\/v2\/media?parent=279"}],"curies":[{"name":"wp","href":"https:\/\/api.w.org\/{rel}","templated":true}]}}