{"id":280,"date":"2024-05-29T16:20:28","date_gmt":"2024-05-29T14:20:28","guid":{"rendered":"http:\/\/84.97.186.16:52201\/wordpress\/?page_id=280"},"modified":"2024-06-03T12:23:37","modified_gmt":"2024-06-03T10:23:37","slug":"epreuve-e5","status":"publish","type":"page","link":"https:\/\/kenan.alexandre-lb.fr\/index.php\/epreuve-e5\/","title":{"rendered":"\u00c9preuve E5"},"content":{"rendered":"\n<h4 class=\"wp-block-heading\">ADMINISTRATION DES SYST\u00c8MES ET DES R\u00c9SEAUX<\/h4>\n\n\n\n<h3 class=\"wp-block-heading\"><strong>1 \u2013&nbsp;OBJECTIF<\/strong>&nbsp;:<\/h3>\n\n\n\n<p>Cette \u00e9preuve vise \u00e0 \u00e9valuer chez la personne candidate l\u2019acquisition des comp\u00e9tences d\u00e9crites dans le bloc de comp\u00e9tences \u00ab&nbsp;<strong>Administration des syst\u00e8mes et des r\u00e9seaux<\/strong>&nbsp;\u00bb propre \u00e0 l\u2019option \u00ab&nbsp;<strong>Solutions d\u2019infrastructure, syst\u00e8mes et r\u00e9seaux<\/strong>&nbsp;\u00bb, \u00e0 savoir :<\/p>\n\n\n\n<ul class=\"wp-block-list\">\n<li>concevoir une solution d\u2019infrastructure r\u00e9seau<\/li>\n\n\n\n<li>installer, tester et d\u00e9ployer une solution d\u2019infrastructure r\u00e9seau<\/li>\n\n\n\n<li>exploiter, d\u00e9panner et superviser une infrastructure r\u00e9seau<\/li>\n<\/ul>\n\n\n\n<h3 class=\"wp-block-heading\"><strong>2 \u2013&nbsp;CRIT\u00c8RES D\u2019\u00c9VALUATION<\/strong>&nbsp;:<\/h3>\n\n\n\n<p>L\u2019\u00e9preuve prend appui sur deux r\u00e9alisations professionnelles composant le dossier remis par la personne candidate. Ces r\u00e9alisations professionnelles mobilisent les ressources d\u00e9crites dans le r\u00e9f\u00e9rentiel de certification pour le bloc \u00ab Administration des syst\u00e8mes et des r\u00e9seaux \u00bb<\/p>\n\n\n\n<h3 class=\"wp-block-heading\"><strong>3 \u2013&nbsp;MODALIT\u00c9S D\u2019\u00c9VALUATION&nbsp;:<\/strong><\/h3>\n\n\n\n<p><strong>Forme ponctuelle pratique et orale : 40 min (+1h30 de pr\u00e9paration)<\/strong><\/p>\n\n\n\n<p><strong>Premi\u00e8re phase&nbsp;<\/strong>\u2013 pr\u00e9paration de 30 minutes suivie d\u2019un entretien de 20 minutes maximum<\/p>\n\n\n\n<p>Sur la base d\u2019une expression de besoins remise \u00e0 la personne candidate et \u00e9tudi\u00e9e pendant le premier temps de pr\u00e9paration, la commission d\u2019\u00e9valuation conduit un entretien qui permet \u00e0 la personne candidate<\/p>\n\n\n\n<p><strong>Deuxi\u00e8me phase<\/strong>&nbsp;\u2013 pr\u00e9paration d\u2019une heure suivie d\u2019un entretien de 20 minutes maximum<\/p>\n\n\n\n<p>Le deuxi\u00e8me temps de pr\u00e9paration permet \u00e0 la personne candidate de r\u00e9aliser, en autonomie et de mani\u00e8re individuelle, la solution attendue en ayant recours \u00e0 l\u2019environnement de travail disponible dans le centre d\u2019interrogation.<br>Au terme de la pr\u00e9paration, la commission proc\u00e8de \u00e0 la recette de la solution et m\u00e8ne un entretien d\u2019explicitation<\/p>\n\n\n\n<div class=\"wp-block-buttons is-layout-flex wp-block-buttons-is-layout-flex\">\n<div class=\"wp-block-button\"><a class=\"wp-block-button__link wp-element-button\" href=\"http:\/\/84.97.186.16:52201\/wordpress\/wp-content\/uploads\/2024\/06\/Procedure-AD.pdf\">Documentation E5 Projet 1<\/a><\/div>\n<\/div>\n\n\n\n<p><\/p>\n\n\n\n<div class=\"wp-block-buttons is-layout-flex wp-block-buttons-is-layout-flex\">\n<div class=\"wp-block-button\"><a class=\"wp-block-button__link wp-element-button\" href=\"http:\/\/84.97.186.16:52201\/wordpress\/wp-content\/uploads\/2024\/05\/Procedure-GLPI.pdf\">Documentation E5 Projet 2<\/a><\/div>\n<\/div>\n\n\n\n<p><\/p>\n\n\n\n<p><\/p>\n","protected":false},"excerpt":{"rendered":"<p>ADMINISTRATION DES SYST\u00c8MES ET DES R\u00c9SEAUX 1 \u2013&nbsp;OBJECTIF&nbsp;: Cette \u00e9preuve vise \u00e0 \u00e9valuer chez la personne candidate l\u2019acquisition des comp\u00e9tences d\u00e9crites dans le bloc de comp\u00e9tences \u00ab&nbsp;Administration des syst\u00e8mes et des r\u00e9seaux&nbsp;\u00bb propre \u00e0 l\u2019option \u00ab&nbsp;Solutions d\u2019infrastructure, syst\u00e8mes et r\u00e9seaux&nbsp;\u00bb, \u00e0 savoir : 2 \u2013&nbsp;CRIT\u00c8RES D\u2019\u00c9VALUATION&nbsp;: L\u2019\u00e9preuve prend appui sur deux r\u00e9alisations professionnelles composant le &hellip; <\/p>\n<p class=\"link-more\"><a href=\"https:\/\/kenan.alexandre-lb.fr\/index.php\/epreuve-e5\/\" class=\"more-link\">Lire la suite de<span class=\"screen-reader-text\">\u00ab\u00a0\u00c9preuve E5\u00a0\u00bb<\/span><\/a><\/p>\n","protected":false},"author":1,"featured_media":0,"parent":0,"menu_order":0,"comment_status":"closed","ping_status":"closed","template":"","meta":{"footnotes":""},"class_list":["post-280","page","type-page","status-publish","hentry"],"yoast_head":"<!-- This site is optimized with the Yoast SEO plugin v27.3 - https:\/\/yoast.com\/product\/yoast-seo-wordpress\/ -->\n<title>\u00c9preuve E5 - Portfolio Kenan<\/title>\n<meta name=\"robots\" content=\"noindex, follow, max-snippet:-1, max-image-preview:large, max-video-preview:-1\" \/>\n<meta property=\"og:locale\" content=\"fr_FR\" \/>\n<meta property=\"og:type\" content=\"article\" \/>\n<meta property=\"og:title\" content=\"\u00c9preuve E5 - Portfolio Kenan\" \/>\n<meta property=\"og:description\" content=\"ADMINISTRATION DES SYST\u00c8MES ET DES R\u00c9SEAUX 1 \u2013&nbsp;OBJECTIF&nbsp;: Cette \u00e9preuve vise \u00e0 \u00e9valuer chez la personne candidate l\u2019acquisition des comp\u00e9tences d\u00e9crites dans le bloc de comp\u00e9tences \u00ab&nbsp;Administration des syst\u00e8mes et des r\u00e9seaux&nbsp;\u00bb propre \u00e0 l\u2019option \u00ab&nbsp;Solutions d\u2019infrastructure, syst\u00e8mes et r\u00e9seaux&nbsp;\u00bb, \u00e0 savoir : 2 \u2013&nbsp;CRIT\u00c8RES D\u2019\u00c9VALUATION&nbsp;: L\u2019\u00e9preuve prend appui sur deux r\u00e9alisations professionnelles composant le &hellip; Lire la suite de\u00ab\u00a0\u00c9preuve E5\u00a0\u00bb\" \/>\n<meta property=\"og:url\" content=\"https:\/\/kenan.alexandre-lb.fr\/index.php\/epreuve-e5\/\" \/>\n<meta property=\"og:site_name\" content=\"Portfolio Kenan\" \/>\n<meta property=\"article:modified_time\" content=\"2024-06-03T10:23:37+00:00\" \/>\n<meta name=\"twitter:card\" content=\"summary_large_image\" \/>\n<meta name=\"twitter:label1\" content=\"Dur\u00e9e de lecture estim\u00e9e\" \/>\n\t<meta name=\"twitter:data1\" content=\"2 minutes\" \/>\n<script type=\"application\/ld+json\" class=\"yoast-schema-graph\">{\"@context\":\"https:\\\/\\\/schema.org\",\"@graph\":[{\"@type\":\"WebPage\",\"@id\":\"https:\\\/\\\/kenan.alexandre-lb.fr\\\/index.php\\\/epreuve-e5\\\/\",\"url\":\"https:\\\/\\\/kenan.alexandre-lb.fr\\\/index.php\\\/epreuve-e5\\\/\",\"name\":\"\u00c9preuve E5 - Portfolio Kenan\",\"isPartOf\":{\"@id\":\"https:\\\/\\\/kenan.alexandre-lb.fr\\\/#website\"},\"datePublished\":\"2024-05-29T14:20:28+00:00\",\"dateModified\":\"2024-06-03T10:23:37+00:00\",\"breadcrumb\":{\"@id\":\"https:\\\/\\\/kenan.alexandre-lb.fr\\\/index.php\\\/epreuve-e5\\\/#breadcrumb\"},\"inLanguage\":\"fr-FR\",\"potentialAction\":[{\"@type\":\"ReadAction\",\"target\":[\"https:\\\/\\\/kenan.alexandre-lb.fr\\\/index.php\\\/epreuve-e5\\\/\"]}]},{\"@type\":\"BreadcrumbList\",\"@id\":\"https:\\\/\\\/kenan.alexandre-lb.fr\\\/index.php\\\/epreuve-e5\\\/#breadcrumb\",\"itemListElement\":[{\"@type\":\"ListItem\",\"position\":1,\"name\":\"Accueil\",\"item\":\"https:\\\/\\\/kenan.alexandre-lb.fr\\\/\"},{\"@type\":\"ListItem\",\"position\":2,\"name\":\"\u00c9preuve E5\"}]},{\"@type\":\"WebSite\",\"@id\":\"https:\\\/\\\/kenan.alexandre-lb.fr\\\/#website\",\"url\":\"https:\\\/\\\/kenan.alexandre-lb.fr\\\/\",\"name\":\"Portfolio Kenan\",\"description\":\"\",\"potentialAction\":[{\"@type\":\"SearchAction\",\"target\":{\"@type\":\"EntryPoint\",\"urlTemplate\":\"https:\\\/\\\/kenan.alexandre-lb.fr\\\/?s={search_term_string}\"},\"query-input\":{\"@type\":\"PropertyValueSpecification\",\"valueRequired\":true,\"valueName\":\"search_term_string\"}}],\"inLanguage\":\"fr-FR\"}]}<\/script>\n<!-- \/ Yoast SEO plugin. -->","yoast_head_json":{"title":"\u00c9preuve E5 - Portfolio Kenan","robots":{"index":"noindex","follow":"follow","max-snippet":"max-snippet:-1","max-image-preview":"max-image-preview:large","max-video-preview":"max-video-preview:-1"},"og_locale":"fr_FR","og_type":"article","og_title":"\u00c9preuve E5 - Portfolio Kenan","og_description":"ADMINISTRATION DES SYST\u00c8MES ET DES R\u00c9SEAUX 1 \u2013&nbsp;OBJECTIF&nbsp;: Cette \u00e9preuve vise \u00e0 \u00e9valuer chez la personne candidate l\u2019acquisition des comp\u00e9tences d\u00e9crites dans le bloc de comp\u00e9tences \u00ab&nbsp;Administration des syst\u00e8mes et des r\u00e9seaux&nbsp;\u00bb propre \u00e0 l\u2019option \u00ab&nbsp;Solutions d\u2019infrastructure, syst\u00e8mes et r\u00e9seaux&nbsp;\u00bb, \u00e0 savoir : 2 \u2013&nbsp;CRIT\u00c8RES D\u2019\u00c9VALUATION&nbsp;: L\u2019\u00e9preuve prend appui sur deux r\u00e9alisations professionnelles composant le &hellip; Lire la suite de\u00ab\u00a0\u00c9preuve E5\u00a0\u00bb","og_url":"https:\/\/kenan.alexandre-lb.fr\/index.php\/epreuve-e5\/","og_site_name":"Portfolio Kenan","article_modified_time":"2024-06-03T10:23:37+00:00","twitter_card":"summary_large_image","twitter_misc":{"Dur\u00e9e de lecture estim\u00e9e":"2 minutes"},"schema":{"@context":"https:\/\/schema.org","@graph":[{"@type":"WebPage","@id":"https:\/\/kenan.alexandre-lb.fr\/index.php\/epreuve-e5\/","url":"https:\/\/kenan.alexandre-lb.fr\/index.php\/epreuve-e5\/","name":"\u00c9preuve E5 - Portfolio Kenan","isPartOf":{"@id":"https:\/\/kenan.alexandre-lb.fr\/#website"},"datePublished":"2024-05-29T14:20:28+00:00","dateModified":"2024-06-03T10:23:37+00:00","breadcrumb":{"@id":"https:\/\/kenan.alexandre-lb.fr\/index.php\/epreuve-e5\/#breadcrumb"},"inLanguage":"fr-FR","potentialAction":[{"@type":"ReadAction","target":["https:\/\/kenan.alexandre-lb.fr\/index.php\/epreuve-e5\/"]}]},{"@type":"BreadcrumbList","@id":"https:\/\/kenan.alexandre-lb.fr\/index.php\/epreuve-e5\/#breadcrumb","itemListElement":[{"@type":"ListItem","position":1,"name":"Accueil","item":"https:\/\/kenan.alexandre-lb.fr\/"},{"@type":"ListItem","position":2,"name":"\u00c9preuve E5"}]},{"@type":"WebSite","@id":"https:\/\/kenan.alexandre-lb.fr\/#website","url":"https:\/\/kenan.alexandre-lb.fr\/","name":"Portfolio Kenan","description":"","potentialAction":[{"@type":"SearchAction","target":{"@type":"EntryPoint","urlTemplate":"https:\/\/kenan.alexandre-lb.fr\/?s={search_term_string}"},"query-input":{"@type":"PropertyValueSpecification","valueRequired":true,"valueName":"search_term_string"}}],"inLanguage":"fr-FR"}]}},"featured_media_urls":[],"_links":{"self":[{"href":"https:\/\/kenan.alexandre-lb.fr\/index.php\/wp-json\/wp\/v2\/pages\/280","targetHints":{"allow":["GET"]}}],"collection":[{"href":"https:\/\/kenan.alexandre-lb.fr\/index.php\/wp-json\/wp\/v2\/pages"}],"about":[{"href":"https:\/\/kenan.alexandre-lb.fr\/index.php\/wp-json\/wp\/v2\/types\/page"}],"author":[{"embeddable":true,"href":"https:\/\/kenan.alexandre-lb.fr\/index.php\/wp-json\/wp\/v2\/users\/1"}],"replies":[{"embeddable":true,"href":"https:\/\/kenan.alexandre-lb.fr\/index.php\/wp-json\/wp\/v2\/comments?post=280"}],"version-history":[{"count":11,"href":"https:\/\/kenan.alexandre-lb.fr\/index.php\/wp-json\/wp\/v2\/pages\/280\/revisions"}],"predecessor-version":[{"id":350,"href":"https:\/\/kenan.alexandre-lb.fr\/index.php\/wp-json\/wp\/v2\/pages\/280\/revisions\/350"}],"wp:attachment":[{"href":"https:\/\/kenan.alexandre-lb.fr\/index.php\/wp-json\/wp\/v2\/media?parent=280"}],"curies":[{"name":"wp","href":"https:\/\/api.w.org\/{rel}","templated":true}]}}